{"id":51,"date":"2018-07-03T16:04:43","date_gmt":"2018-07-03T14:04:43","guid":{"rendered":"http:\/\/www.tiezzicatenedesign.it\/privacy-policy\/"},"modified":"2018-09-10T15:32:18","modified_gmt":"2018-09-10T13:32:18","slug":"privacy-policy","status":"publish","type":"page","link":"https:\/\/www.tiezzicatenedesign.it\/en\/privacy-policy\/","title":{"rendered":"Privacy Policy"},"content":{"rendered":"<h1>Privacy policy<\/h1>\n<p>I dati forniti a Tiezzi Catene e Design S.r.l., con sede legale in via XXV Aprile 41, 52048 Monte San Savino (AR), Italia \u2013 email: info@tiezzicatenedesign.it (di seguito \u201cTCD\u201d) nelle pagine del sito web tiezzicatenedesign.it (di seguito \u201cSito\u201d) attraverso la semplice navigazione e successivamente per l\u2019utilizzo dei servizi di volta in volta forniti da TCD saranno trattati nel rispetto degli articoli 13 e 14 del Regolamento 679\/2016\/UE (General Data Protection Regulation, in seguito G.D.P.R.) e successiva normativa nazionale di adeguamento (in seguito Normativa Privacy Applicabile). TCD informa l\u2019utente di quanto segue.<\/p>\n<h3>1. Titolare del trattamento<\/h3>\n<p>Titolare del trattamento \u00e8 Tiezzi Catene e Design S.r.l., con sede legale in via XXV Aprile 41, 52048 Monte San Savino (AR), Italia \u2013 email: info@tiezzicatenedesign.it (di seguito \u201cTitolare\u201d).<\/p>\n<h3>2. Tipi di dati trattati<\/h3>\n<p>Dati personali acquisiti automaticamente in caso di visita al Sito:<\/p>\n<h4>2.1 Dati sulla navigazione<\/h4>\n<p>TCD raccoglie automaticamente dati sul dispositivo (pc, tablet, smartphone o altro dispositivo mobile) e la connessione utilizzati dall\u2019utente, tra i quali, ad esempio, l\u2019indirizzo IP, la data e l\u2019ora di accesso, le informazioni su hardware e software, le informazioni riguardanti il dispositivo, gli identificativi unici, i dati di crash e le pagine visualizzate dall\u2019utente prima e dopo l\u2019utilizzo del Sito.<\/p>\n<h4>2.2 Dati sull\u2019utilizzo del Sito<\/h4>\n<p>TCD raccoglie informazioni sulle modalit\u00e0 con le quali l\u2019utente ha utilizzato il Sito, comprese, ad esempio, le pagine del Sito o altri contenuti visualizzati, le ricerche effettuate e i collegamenti ad applicazioni di terze parti su cui l\u2019utente ha cliccato.<\/p>\n<p>Dati personali forniti direttamente dall\u2019utente:<\/p>\n<h4>2.3 Richieste informazioni<\/h4>\n<p>L\u2019invio facoltativo esplicito e volontario di posta elettronica agli indirizzi presenti sul Sito comportano l\u2019acquisizione dell\u2019indirizzo email dell\u2019utente, necessario per rispondere alle richieste dello stesso, e degli eventuali altri dati personali riportati nelle email inviate.\u00a0I dati forniti sono utilizzati al solo fine di eseguire il servizio o la prestazione richiesta e sono comunicati a terzi nel solo caso in cui ci\u00f2 sia a tal fine necessario.<\/p>\n<h3>3. Finalit\u00e0 del trattamento cui sono destinati i dati<\/h3>\n<p>I dati personali dell\u2019utente sono raccolti e utilizzati esclusivamente per finalit\u00e0 direttamente connesse al servizio richiesto.<\/p>\n<h3>4. Comunicazione e diffusione<\/h3>\n<p>I dati raccolti non saranno oggetto di divulgazione e di diffusione. La comunicazione a terzi, diversi dal Titolare, dai responsabili, interni ma anche esterni alla struttura aziendale, e dagli incaricati al trattamento \u00e8 prevista, ove necessaria per le finalit\u00e0 di cui sopra, a soggetti terzi (quali societ\u00e0 di fornitura e assistenza informatica che garantiscono il corretto funzionamento del portale) impegnate nel corretto e regolare perseguimento delle finalit\u00e0 descritte. In ogni caso il trattamento da parte di soggetti terzi avverr\u00e0 secondo correttezza e nel rispetto delle disposizioni di legge vigenti.<\/p>\n<h3>5. Modalit\u00e0 del trattamento<\/h3>\n<p>Il trattamento dei dati \u00e8 eseguito attraverso supporti informatici e telematici ad opera di soggetti interni appositamente incaricati. I dati sono conservati in archivi elettronici e con piena assicurazione delle misure di sicurezza minime previste dal legislatore.<\/p>\n<h3>6. Diritti degli interessati<\/h3>\n<p>Ai sensi della Normativa Privacy Applicabile, l\u2019utente ha diritto di ottenere, in ogni momento, la conferma dell\u2019esistenza dei dati che lo riguardano e delle finalit\u00e0 per cui vengono utilizzati. Ha altres\u00ec il diritto di chiedere l\u2019aggiornamento o la rettifica, la cancellazione o il blocco dei dati e di opporsi, in tutto o in parte, al loro trattamento. Per esercitare i diritti sopraindicati, nonch\u00e9 per ricevere informazioni relative ai soggetti presso cui i dati sono archiviati o ai quali i dati vengono comunicati ovvero sui soggetti che, in qualit\u00e0 di responsabili od incaricati, possono venire a conoscenza dei suoi dati, l\u2019utente potr\u00e0 rivolgersi al Titolare.<\/p>\n<h3>7. Link ad altri siti web<\/h3>\n<p>Il Sito pu\u00f2 contenere dei link ad altri siti web che non hanno alcun collegamento con TCD, quindi il Titolare e TCD non potranno essere ritenuti responsabile dei contenuti e delle regole di questi siti.<br \/>\nIl presente documento non si applica ai siti web di terzi.<\/p>\n<h3>8. Contenuti pubblicati<\/h3>\n<p>Alcuni testi, immagini, indirizzi o recapiti pubblicati sul Sito sono tratti da internet e, pertanto, considerati di pubblico dominio; qualora la loro pubblicazione violasse eventuali diritti d\u2019autore o altro, lo si comunichi a TCD e il Titolare provveder\u00e0 alla loro pronta rimozione.<br \/>\nTutti i nomi, i loghi e i marchi registrati citati o riportati sul Sito appartengono ai rispettivi proprietari.<\/p>\n<h3>9. Durata del trattamento<\/h3>\n<p>Il trattamento avr\u00e0 una durata non superiore a quella necessaria alle finalit\u00e0 per le quali i dati sono stati raccolti.<\/p>\n<p>&nbsp;<\/p>\n<h2><\/h2>\n<h2>COOKIE POLICY \u2013 informativa sui cookie<\/h2>\n<p>Il Sito utilizza cookie e tecnologie simili per garantire il corretto funzionamento delle procedure e migliorare l\u2019esperienza di uso delle applicazioni online. Il presente documento fornisce informazioni dettagliate sull\u2019uso dei cookie e di tecnologie similari, su come sono utilizzati da TCD e su come gestirli.<\/p>\n<h3>1 Definizioni<\/h3>\n<p>I cookie sono brevi frammenti di testo (lettere e\/o numeri) che permettono al server web di memorizzare sul client (il browser) informazioni da riutilizzare nel corso della medesima visita al sito (cookie di sessione) o in seguito, anche a distanza di giorni (cookie persistenti). I cookie vengono memorizzati, in base alle preferenze dell\u2019utente, dal singolo browser sullo specifico dispositivo utilizzato (computer, tablet, smartphone). Tecnologie similari, come, ad esempio, web beacon, GIF trasparenti e tutte le forme di storage locale introdotte con HTML5, sono utilizzabili per raccogliere informazioni sul comportamento dell\u2019utente e sull\u2019utilizzo dei servizi. Nel seguito di questo documento faremo riferimento ai cookie e a tutte le tecnologie similari utilizzando semplicemente il termine \u201ccookie\u201d.<\/p>\n<h3>2 Tipologie di cookie<\/h3>\n<p>In base alle caratteristiche e all\u2019utilizzo dei cookie possiamo distinguere diverse categorie:<\/p>\n<h4>2.1 In base alla durata del loro utilizzo<\/h4>\n<ul>\n<li>a) Cookie di sessione, che vengono rimossi automaticamente al termine della sessione del browser;<\/li>\n<li>b) Cookie permanenti, che rimangono invece memorizzati nel dispositivo dell\u2019utente anche dopo il termine della sessione del browser.<\/li>\n<\/ul>\n<h4>2.2 In base al soggetto che li installa sul dispositivo dell\u2019utente<\/h4>\n<ul>a) Cookie di prima parte (o proprietari), che vengono installati dal sito web che l\u2019utente sta visitando;<\/ul>\n<ul>b) Cookie di terze parti, che vengono installati da un sito web diverso da quello che l\u2019utente sta visitando;<\/ul>\n<h4>2.3 Specifiche tecniche dei cookie<\/h4>\n<ul>\n<li>Cookie tecnici. Si tratta di cookie indispensabili per il corretto funzionamento dei sito.<\/li>\n<li>Cookie di analisi e prestazioni. Sono cookie utilizzati per raccogliere e analizzare il traffico e l\u2019utilizzo del sito in modo anonimo. Questi cookie permettono di monitorare il sistema e migliorarne le prestazioni e l\u2019usabilit\u00e0. La disattivazione di tali cookie pu\u00f2 essere eseguita senza alcuna perdita di funzionalit\u00e0.<\/li>\n<li>Cookie di profilazione. Si tratta di cookie permanenti utilizzati per identificare (in modo anonimo e non) le preferenze dell\u2019utente e migliorare la sua esperienza di navigazione.<\/li>\n<\/ul>\n<p>Visitando un sito web si possono ricevere cookie sia dal sito visitato (\u201cproprietari\u201d), sia da siti gestiti da altre organizzazioni (\u201cterze parti\u201d). La gestione delle informazioni raccolte da \u201cterze parti\u201d \u00e8 disciplinata dalle relative informative cui si prega di fare riferimento.<\/p>\n<h3>3 Cookie di prima parte (o proprietari)<\/h3>\n<p>I cookie utilizzati dal Titolare del Sito sono solo di natura tecnica e sono utilizzati per consentire la normale navigazione e fruizione del Sito. Tali cookie, essendo di natura tecnica, non necessitano del preventivo consenso dell\u2019utente per essere installati ed utilizzati.<\/p>\n<h3>4 Cookie di terze parti<\/h3>\n<p>Alcuni dei servizi elencati di seguito in base alla funzionalit\u00e0 offerta agli Utenti, incentrati sull\u2019uso di Cookie di terze parti, potrebbero non richiedere il consenso dell\u2019Utente.<br \/>\nTali terzi, inoltre, potrebbero \u2013 in aggiunta a quanto specificato nella presente policy ed anche all\u2019insaputa del Titolare \u2013 compiere ulteriori attivit\u00e0 di tracciamento dell\u2019Utente. Per informazioni dettagliate in merito, si consiglia di consultare le rispettive privacy policy dei servizi elencati, nella quale l\u2019utente potr\u00e0 ricevere le informazioni sul relativo trattamento ed esprimere il suo consenso al riguardo.<br \/>\nIl Titolare fa presente che in merito ai Cookie di terze parti, lo stesso ha unicamente l\u2019obbligo di inserire nella presente Cookie policy il link al sito della terza parte. E\u2019 a carico di tale soggetto, invece, l\u2019obbligo di rendere una idonea informativa in merito al trattamento effettuato nonch\u00e9 fornire informazioni agli utenti sulle modalit\u00e0 per l\u2019eventuale blocco dei Cookie utilizzati.<\/p>\n<section class=\"sottosezione\">\n<h4>4.1 Statistica<\/h4>\n<p>I servizi contenuti nella presente sezione permettono al Titolare del Trattamento di monitorare e analizzare i dati di traffico e servono a tener traccia del comportamento dell\u2019Utente.<\/p>\n<section class=\"sottosezione\"><strong>\u2013 Google Analytics (Google Inc.)<\/strong><br \/>\nGoogle Analytics utilizza i \u201ccookie\u201d per raccogliere e analizzare in forma anonima le informazioni sui comportamenti di utilizzo del sito web. Questo sito non utilizza (e non consente a terzi di utilizzare) lo strumento di analisi di Google per monitorare o per raccogliere informazioni personali di identificazione. Google non associa l\u2019indirizzo IP a nessun altro dato posseduto da Google n\u00e9 cerca di collegare un indirizzo IP con l\u2019identit\u00e0 di un utente. Google pu\u00f2 anche comunicare queste informazioni a terzi ove ci\u00f2 sia imposto dalla legge o laddove tali terzi trattino le suddette informazioni per conto di Google.Per ulteriori informazioni, si rinvia al link di seguito indicato:\u00a0<a href=\"http:\/\/www.google.com\/intl\/it\/policies\/privacy\/\" target=\"_blank\" rel=\"nofollow noopener\">link<\/a>L\u2019utente pu\u00f2 disabilitare in modo selettivo l\u2019azione di Google Analytics installando sul proprio browser la componente di opt-out fornito da Google.<br \/>\nPer disabilitare l\u2019azione di Google Analytics, si rinvia al link di seguito indicato:\u00a0<a href=\"http:\/\/tools.google.com\/dlpage\/gaoptout?hl=it\" target=\"_blank\" rel=\"nofollow noopener\">link<\/a><\/section>\n<\/section>\n<h3>5 Durata dei cookie<\/h3>\n<p>Alcuni cookie (cookie di sessione) restano attivi solo fino alla chiusura del browser o all\u2019esecuzione del comando di logout. Altri cookie \u201csopravvivono\u201d alla chiusura del browser e sono disponibili anche in successive visite dell\u2019utente. Questi cookie sono detti persistenti e la loro durata \u00e8 fissata dal server al momento della loro creazione. In alcuni casi \u00e8 fissata una scadenza, in altri casi la durata \u00e8 illimitata. Navigando sulle pagine del Sito, si pu\u00f2 interagire con siti gestiti da terze parti che possono creare o modificare cookie permanenti e di profilazione.<\/p>\n<h3>6 Gestione dei cookie<\/h3>\n<p>L\u2019utente pu\u00f2 decidere se accettare o meno i cookie utilizzando le impostazioni del proprio browser. Attenzione: la disabilitazione totale o parziale dei cookie tecnici pu\u00f2 compromettere l\u2019utilizzo delle funzionalit\u00e0 del sito riservate agli utenti registrati. Al contrario, la fruibilit\u00e0 dei contenuti pubblici \u00e8 possibile anche disabilitando completamente i cookie. La disabilitazione dei cookie \u201cterze parti\u201d non pregiudica in alcun modo la navigabilit\u00e0. L\u2019impostazione pu\u00f2 essere definita in modo specifico per i diversi siti e applicazioni web. Inoltre i migliori browser consentono di definire impostazioni diverse per i cookie \u201cproprietari\u201d e per quelli di \u201cterze parti\u201d.<br \/>\nA titolo di esempio, in Firefox, attraverso il menu Strumenti-&gt;Opzioni -&gt;Privacy, \u00e8 possibile accedere ad un pannello di controllo dove \u00e8 possibile definire se accettare o meno i diversi tipi di cookie e procedere alla loro rimozione.<\/p>\n<p>Chrome:\u00a0<a href=\"https:\/\/support.google.com\/chrome\/answer\/95647?hl=en&amp;p=cpn_cookies\" target=\"_blank\" rel=\"nofollow noopener\">link<\/a><br \/>\nMozilla Firefox:\u00a0<a href=\"https:\/\/support.mozilla.org\/it\/kb\/Attivare%20e%20disattivare%20i%20cookie?redirectlocale=en-US&amp;redirectslug=Enabling+and+disabling+cookies\" target=\"_blank\" rel=\"nofollow noopener\">link<\/a><br \/>\nInternet Explorer:\u00a0<a href=\"http:\/\/windows.microsoft.com\/it-it\/windows-vista\/block-or-allow-cookies\" target=\"_blank\" rel=\"nofollow noopener\">link<\/a><br \/>\nOpera:\u00a0<a href=\"http:\/\/help.opera.com\/Windows\/10.00\/it\/cookies.html\" target=\"_blank\" rel=\"nofollow noopener\">link<\/a><br \/>\nSafari:\u00a0<a href=\"https:\/\/support.apple.com\/kb\/PH19214?viewlocale=it_IT&amp;locale=en_US\" target=\"_blank\" rel=\"nofollow noopener\">link<\/a><\/p>\n<p>Per disattivare i cookie su un telefono cellulare, consultate il relativo manuale per reperire ulteriori informazioni.<\/p>\n","protected":false},"excerpt":{"rendered":"<p>Privacy policy I dati forniti a Tiezzi Catene e Design S.r.l., con sede legale in via XXV Aprile 41, 52048 Monte San Savino (AR), Italia \u2013 email: info@tiezzicatenedesign.it (di seguito \u201cTCD\u201d) nelle pagine del sito web tiezzicatenedesign.it (di seguito \u201cSito\u201d) attraverso la semplice navigazione e successivamente per l\u2019utilizzo dei servizi di volta in volta forniti [&hellip;]<\/p>\n","protected":false},"author":1,"featured_media":0,"parent":0,"menu_order":0,"comment_status":"closed","ping_status":"open","template":"page-produzione2.php","meta":[],"acf":[],"yoast_head":"<!-- This site is optimized with the Yoast SEO plugin v19.6 - https:\/\/yoast.com\/wordpress\/plugins\/seo\/ -->\n<title>Privacy Policy &ndash; Tiezzi Catene e Design<\/title>\n<meta name=\"robots\" content=\"index, follow, max-snippet:-1, max-image-preview:large, max-video-preview:-1\" \/>\n<link rel=\"canonical\" href=\"https:\/\/www.tiezzicatenedesign.it\/en\/privacy-policy\/\" \/>\n<meta property=\"og:locale\" content=\"en_US\" \/>\n<meta property=\"og:type\" content=\"article\" \/>\n<meta property=\"og:title\" content=\"Privacy Policy &ndash; Tiezzi Catene e Design\" \/>\n<meta property=\"og:description\" content=\"Privacy policy I dati forniti a Tiezzi Catene e Design S.r.l., con sede legale in via XXV Aprile 41, 52048 Monte San Savino (AR), Italia \u2013 email: info@tiezzicatenedesign.it (di seguito \u201cTCD\u201d) nelle pagine del sito web tiezzicatenedesign.it (di seguito \u201cSito\u201d) attraverso la semplice navigazione e successivamente per l\u2019utilizzo dei servizi di volta in volta forniti [&hellip;]\" \/>\n<meta property=\"og:url\" content=\"https:\/\/www.tiezzicatenedesign.it\/en\/privacy-policy\/\" \/>\n<meta property=\"og:site_name\" content=\"Tiezzi Catene e Design\" \/>\n<meta property=\"article:modified_time\" content=\"2018-09-10T13:32:18+00:00\" \/>\n<meta name=\"twitter:card\" content=\"summary_large_image\" \/>\n<script type=\"application\/ld+json\" class=\"yoast-schema-graph\">{\"@context\":\"https:\/\/schema.org\",\"@graph\":[{\"@type\":\"WebPage\",\"@id\":\"https:\/\/www.tiezzicatenedesign.it\/en\/privacy-policy\/\",\"url\":\"https:\/\/www.tiezzicatenedesign.it\/en\/privacy-policy\/\",\"name\":\"Privacy Policy &ndash; Tiezzi Catene e Design\",\"isPartOf\":{\"@id\":\"https:\/\/www.tiezzicatenedesign.it\/en\/#website\"},\"datePublished\":\"2018-07-03T14:04:43+00:00\",\"dateModified\":\"2018-09-10T13:32:18+00:00\",\"breadcrumb\":{\"@id\":\"https:\/\/www.tiezzicatenedesign.it\/en\/privacy-policy\/#breadcrumb\"},\"inLanguage\":\"en-US\",\"potentialAction\":[{\"@type\":\"ReadAction\",\"target\":[\"https:\/\/www.tiezzicatenedesign.it\/en\/privacy-policy\/\"]}]},{\"@type\":\"BreadcrumbList\",\"@id\":\"https:\/\/www.tiezzicatenedesign.it\/en\/privacy-policy\/#breadcrumb\",\"itemListElement\":[{\"@type\":\"ListItem\",\"position\":1,\"name\":\"Privacy Policy\"}]},{\"@type\":\"WebSite\",\"@id\":\"https:\/\/www.tiezzicatenedesign.it\/en\/#website\",\"url\":\"https:\/\/www.tiezzicatenedesign.it\/en\/\",\"name\":\"Tiezzi Catene e Design\",\"description\":\"\",\"potentialAction\":[{\"@type\":\"SearchAction\",\"target\":{\"@type\":\"EntryPoint\",\"urlTemplate\":\"https:\/\/www.tiezzicatenedesign.it\/en\/?s={search_term_string}\"},\"query-input\":\"required name=search_term_string\"}],\"inLanguage\":\"en-US\"}]}<\/script>\n<!-- \/ Yoast SEO plugin. -->","yoast_head_json":{"title":"Privacy Policy &ndash; Tiezzi Catene e Design","robots":{"index":"index","follow":"follow","max-snippet":"max-snippet:-1","max-image-preview":"max-image-preview:large","max-video-preview":"max-video-preview:-1"},"canonical":"https:\/\/www.tiezzicatenedesign.it\/en\/privacy-policy\/","og_locale":"en_US","og_type":"article","og_title":"Privacy Policy &ndash; Tiezzi Catene e Design","og_description":"Privacy policy I dati forniti a Tiezzi Catene e Design S.r.l., con sede legale in via XXV Aprile 41, 52048 Monte San Savino (AR), Italia \u2013 email: info@tiezzicatenedesign.it (di seguito \u201cTCD\u201d) nelle pagine del sito web tiezzicatenedesign.it (di seguito \u201cSito\u201d) attraverso la semplice navigazione e successivamente per l\u2019utilizzo dei servizi di volta in volta forniti [&hellip;]","og_url":"https:\/\/www.tiezzicatenedesign.it\/en\/privacy-policy\/","og_site_name":"Tiezzi Catene e Design","article_modified_time":"2018-09-10T13:32:18+00:00","twitter_card":"summary_large_image","schema":{"@context":"https:\/\/schema.org","@graph":[{"@type":"WebPage","@id":"https:\/\/www.tiezzicatenedesign.it\/en\/privacy-policy\/","url":"https:\/\/www.tiezzicatenedesign.it\/en\/privacy-policy\/","name":"Privacy Policy &ndash; Tiezzi Catene e Design","isPartOf":{"@id":"https:\/\/www.tiezzicatenedesign.it\/en\/#website"},"datePublished":"2018-07-03T14:04:43+00:00","dateModified":"2018-09-10T13:32:18+00:00","breadcrumb":{"@id":"https:\/\/www.tiezzicatenedesign.it\/en\/privacy-policy\/#breadcrumb"},"inLanguage":"en-US","potentialAction":[{"@type":"ReadAction","target":["https:\/\/www.tiezzicatenedesign.it\/en\/privacy-policy\/"]}]},{"@type":"BreadcrumbList","@id":"https:\/\/www.tiezzicatenedesign.it\/en\/privacy-policy\/#breadcrumb","itemListElement":[{"@type":"ListItem","position":1,"name":"Privacy Policy"}]},{"@type":"WebSite","@id":"https:\/\/www.tiezzicatenedesign.it\/en\/#website","url":"https:\/\/www.tiezzicatenedesign.it\/en\/","name":"Tiezzi Catene e Design","description":"","potentialAction":[{"@type":"SearchAction","target":{"@type":"EntryPoint","urlTemplate":"https:\/\/www.tiezzicatenedesign.it\/en\/?s={search_term_string}"},"query-input":"required name=search_term_string"}],"inLanguage":"en-US"}]}},"_links":{"self":[{"href":"https:\/\/www.tiezzicatenedesign.it\/en\/wp-json\/wp\/v2\/pages\/51"}],"collection":[{"href":"https:\/\/www.tiezzicatenedesign.it\/en\/wp-json\/wp\/v2\/pages"}],"about":[{"href":"https:\/\/www.tiezzicatenedesign.it\/en\/wp-json\/wp\/v2\/types\/page"}],"author":[{"embeddable":true,"href":"https:\/\/www.tiezzicatenedesign.it\/en\/wp-json\/wp\/v2\/users\/1"}],"replies":[{"embeddable":true,"href":"https:\/\/www.tiezzicatenedesign.it\/en\/wp-json\/wp\/v2\/comments?post=51"}],"version-history":[{"count":0,"href":"https:\/\/www.tiezzicatenedesign.it\/en\/wp-json\/wp\/v2\/pages\/51\/revisions"}],"wp:attachment":[{"href":"https:\/\/www.tiezzicatenedesign.it\/en\/wp-json\/wp\/v2\/media?parent=51"}],"curies":[{"name":"wp","href":"https:\/\/api.w.org\/{rel}","templated":true}]}}